{"id":1294,"date":"2013-04-23T08:11:30","date_gmt":"2013-04-23T08:11:30","guid":{"rendered":"http:\/\/localhost\/wordpress\/medicenter\/?page_id=1294"},"modified":"2014-02-20T20:30:11","modified_gmt":"2014-02-20T20:30:11","slug":"contact","status":"publish","type":"page","link":"https:\/\/andx.ca\/fr\/contact\/","title":{"rendered":"CONTACT"},"content":{"rendered":"<div class=\"wpb_row vc_row-fluid  page_margin_top_section\"> \n\t<div class=\"vc_span8 wpb_column column_container\">\n\t\t<div class=\"wpb_wrapper\">\n\t\t\t <h3 class=\"box_header\">Contact AndX<\/h3><form class=\"contact_form page_margin_top\" id=\"contact_form\" method=\"post\" action=\"\"><fieldset class=\"left\">\n\t\t<label>Pr\u00e9nom<\/label>\n\t\t\t<div class=\"block\">\n\t\t\t\t<input class=\"text_input\" name=\"first_name\" type=\"text\" value=\"\" \/>\n\t\t\t<\/div>\n\t\t\t<label>Num\u00e9ro de t\u00e9l\u00e9phone<\/label>\n\t\t\t<div class=\"block\">\n\t\t\t\t<input class=\"text_input\" name=\"phone_number\" type=\"text\" value=\"\" \/>\n\t\t\t<\/div>\n\t\t<\/fieldset>\n\t\t<fieldset class=\"right\">\n\t\t\t<label>Nom<\/label>\n\t\t\t<div class=\"block\">\n\t\t\t\t<input class=\"text_input\" type=\"text\" name=\"last_name\" value=\"\" \/>\n\t\t\t<\/div>\n\t\t\t<label>Courriel<\/label>\n\t\t\t<div class=\"block\">\n\t\t\t\t<input class=\"text_input\" type=\"text\" name=\"email\" value=\"\" \/>\n\t\t\t<\/div>\n\t\t<\/fieldset>\n\t\t<fieldset style=\"clear:both;\">\n\t\t\t<label>Message<\/label>\n\t\t\t<div class=\"block\">\n\t\t\t\t<textarea name=\"message\"><\/textarea>\n\t\t\t<\/div>\n\t\t\t<input type=\"hidden\" name=\"action\" value=\"theme_contact_form\" \/>\n\t\t\t<input type=\"submit\" name=\"submit\" value=\"Soumettre\" class=\"more mc_button\" \/>\n\t\t<\/fieldset>\n\t<\/form> \n\t\t<\/div> \n\t<\/div> \n \n\t<div class=\"vc_span4 wpb_column column_container\">\n\t\t<div class=\"wpb_wrapper\">\n\t\t\t \n\t<div class=\"wpb_widgetised_column wpb_content_element clearfix\">\n\t\t<div class=\"wpb_wrapper\">\n\t\t\t<div id='medicenter_appointment-3' class='widget appointment_widget'><h3 class='box_header'>AndX Logic<\/h3><h3 class=\"sentence\">Nos solutions logicielles sont con\u00e7ues pour desservir une vaste gamme de domaines m\u00e9dicaux, y compris : plusieurs h\u00f4pitaux, cliniques, universit\u00e9s et pratiques priv\u00e9es.<\/h3><div class=\"columns no_padding page_margin_top clearfix\">\r\n\t<div class=\"column_left\">\r\n\t\tAndX Logic<br \/>\r\n\t\t4622 Lacombe<br \/>\r\n\t\tMontr\u00e9al, Quebec<br \/>\r\n\t\tH3W 1R3 , Canada\r\n\t<\/div>\r\n\t<div class=\"column_right\">\r\n\t\tT\u00e9l\u00e9phone: +1.514.697.7209 <br \/>\r\n\t<\/div>\r\n<\/div>\t\t<ul class=\"contact_data page_margin_top\">\n\t\t\t\t\t\t<li class=\"clearfix\"><span class=\"social_icon\" style=\"background-image: url('https:\/\/andx.ca\/fr\/wp-content\/themes\/medicenter\/images\/social_body\/blue_light\/phone.png');\"><\/span><p class=\"value\">T\u00e9l\u00e9phone: <strong>1.514.697.7209 <\/strong><\/p><\/li>\n\t\t\t\t\t\t<li class=\"clearfix\"><span class=\"social_icon\" style=\"background-image: url('https:\/\/andx.ca\/fr\/wp-content\/themes\/medicenter\/images\/social_body\/blue_light\/mail.png');\"><\/span><p class=\"value\">Courriel: <a href=\"mailto:andx@andx.ca\">andx@andx.ca<\/a><\/p><\/li>\n\t\t\t\t\t<\/ul>\n\t\t<\/div>\n\t\t<\/div> \n\t<\/div>  \n\t\t<\/div> \n\t<\/div> \n <\/div>\n","protected":false},"excerpt":{"rendered":"Contact AndX Pr\u00e9nom Num\u00e9ro de t\u00e9l\u00e9phone Nom Courriel Message AndX LogicNos solutions logicielles sont con\u00e7ues pour desservir une vaste gamme de domaines m\u00e9dicaux, y compris : plusieurs h\u00f4pitaux, cliniques, universit\u00e9s et pratiques priv\u00e9es. AndX Logic 4622 Lacombe Montr\u00e9al, Quebec H3W 1R3 , Canada T\u00e9l\u00e9phone: +1.514.697.7209 T\u00e9l\u00e9phone: 1.514.697.7209 Courriel: andx@andx.ca","protected":false},"author":1,"featured_media":0,"parent":0,"menu_order":0,"comment_status":"open","ping_status":"open","template":"","meta":{"footnotes":""},"class_list":["post-1294","page","type-page","status-publish","hentry"],"_links":{"self":[{"href":"https:\/\/andx.ca\/fr\/wp-json\/wp\/v2\/pages\/1294","targetHints":{"allow":["GET"]}}],"collection":[{"href":"https:\/\/andx.ca\/fr\/wp-json\/wp\/v2\/pages"}],"about":[{"href":"https:\/\/andx.ca\/fr\/wp-json\/wp\/v2\/types\/page"}],"author":[{"embeddable":true,"href":"https:\/\/andx.ca\/fr\/wp-json\/wp\/v2\/users\/1"}],"replies":[{"embeddable":true,"href":"https:\/\/andx.ca\/fr\/wp-json\/wp\/v2\/comments?post=1294"}],"version-history":[{"count":2,"href":"https:\/\/andx.ca\/fr\/wp-json\/wp\/v2\/pages\/1294\/revisions"}],"predecessor-version":[{"id":2408,"href":"https:\/\/andx.ca\/fr\/wp-json\/wp\/v2\/pages\/1294\/revisions\/2408"}],"wp:attachment":[{"href":"https:\/\/andx.ca\/fr\/wp-json\/wp\/v2\/media?parent=1294"}],"curies":[{"name":"wp","href":"https:\/\/api.w.org\/{rel}","templated":true}]}}