{"id":2409,"date":"2014-02-20T21:34:04","date_gmt":"2014-02-20T21:34:04","guid":{"rendered":"http:\/\/andx.ca\/fr\/?page_id=2409"},"modified":"2014-02-21T04:30:04","modified_gmt":"2014-02-21T04:30:04","slug":"nouveautes","status":"publish","type":"page","link":"https:\/\/andx.ca\/fr\/nouveautes\/","title":{"rendered":"NOUVEAUT\u00c9S"},"content":{"rendered":"<div class=\"wpb_row vc_row-fluid \"> \n\t<div class=\"vc_span8 wpb_column column_container\">\n\t\t<div class=\"wpb_wrapper\">\n\t\t\t <ul class=\"blog clearfix\"><li class=\"post post-2534 type-post status-publish format-standard has-post-thumbnail hentry category-general category-infolettrescategory-news\"><ul class=\"comment_box clearfix\">\n\t\t\t\t\t\t\t<li class=\"date clearfix\">\n\t\t\t\t\t\t\t\t<div class=\"value\">13 JAN 14<\/div>\n\t\t\t\t\t\t\t\t<div class=\"arrow_date\"><\/div>\n\t\t\t\t\t\t\t<\/li>\n\t\t\t\t\t\t\t<li class=\"comments_number\">\t\t\t<a href=\"https:\/\/andx.ca\/fr\/2014\/01\/13\/modalites-entrant-en-vigueur-janvier-2014\/#respond\" title=\"0 comments\">0 comments<\/a>\n\t\t\t\t\t\t\t<\/li>\n\t\t\t\t\t\t<\/ul>\n\t\t\t\t\t\t<div class=\"post_content\"><a class=\"post_image\" href=\"https:\/\/andx.ca\/fr\/2014\/01\/13\/modalites-entrant-en-vigueur-janvier-2014\/\" title=\"Modalit\u00e9s entrant en vigueur Janvier 2014\"><span class=\"mc_preloader\"><\/span><img loading=\"lazy\" decoding=\"async\" width=\"540\" height=\"129\" src=\"https:\/\/andx.ca\/fr\/wp-content\/uploads\/2014\/02\/infolettre-fr.jpg\" class=\"attachment-blog-post-thumb size-blog-post-thumb wp-post-image\" alt=\"Modalit\u00e9s entrant en vigueur Janvier 2014\" title=\"\" srcset=\"https:\/\/andx.ca\/fr\/wp-content\/uploads\/2014\/02\/infolettre-fr.jpg 540w, https:\/\/andx.ca\/fr\/wp-content\/uploads\/2014\/02\/infolettre-fr-300x71.jpg 300w\" sizes=\"auto, (max-width: 540px) 100vw, 540px\" \/><\/a><h2><a href=\"https:\/\/andx.ca\/fr\/2014\/01\/13\/modalites-entrant-en-vigueur-janvier-2014\/\" title=\"Modalit\u00e9s entrant en vigueur Janvier 2014\">Modalit\u00e9s entrant en vigueur Janvier 2014<\/a><\/h2><p>Amendement no.134 \u2013 Modalit\u00e9s entrant en vigueur le 25 janvier 2014 Ouvrir le PDF Les dispositions de l\u2019Amendement no134 s\u2019appliquent depuis le 1er octobre 2013, \u00e0 l\u2019exception des modalit\u00e9s pr\u00e9vues aux alin\u00e9as 3.03.1 a), 3.03.2 a) et 3.03.3 a) de l\u2019annexe XXII, qui entreront en vigueur le 25 janvier 2014. \u00c0 compter de cette date,<\/p>\n<a title=\"Lire la suite\" href=\"https:\/\/andx.ca\/fr\/2014\/01\/13\/modalites-entrant-en-vigueur-janvier-2014\/\" class=\"more\">Lire la suite &rarr;<\/a>\t\t<div class=\"post_footer clearfix\"><ul class=\"post_footer_details\"><li>Posted in <\/li><li>\n\t\t\t\t\t\t\t\t\t\t\t<a href=\"https:\/\/andx.ca\/fr\/category\/general\/\" title=\"Voir tous les articles class\u00e9s dans G\u00e9n\u00e9ral\">G\u00e9n\u00e9ral<\/a>, \n\t\t\t\t\t\t\t\t\t\t<\/li><li>\n\t\t\t\t\t\t\t\t\t\t\t<a href=\"https:\/\/andx.ca\/fr\/category\/infolettres\/\" title=\"Voir tous les articles class\u00e9s dans Infolettres\">Infolettres<\/a>, \n\t\t\t\t\t\t\t\t\t\t<\/li><li>\n\t\t\t\t\t\t\t\t\t\t\t<a href=\"https:\/\/andx.ca\/fr\/category\/news\/\" title=\"Voir tous les articles class\u00e9s dans Nouveaut\u00e9s\">Nouveaut\u00e9s<\/a>\n\t\t\t\t\t\t\t\t\t\t<\/li>\t\t\t<\/ul><\/div><\/div><\/li><li class=\"post post-2531 type-post status-publish format-standard has-post-thumbnail hentry category-generalcategory-news\"><ul class=\"comment_box clearfix\">\n\t\t\t\t\t\t\t<li class=\"date clearfix\">\n\t\t\t\t\t\t\t\t<div class=\"value\">02 JAN 14<\/div>\n\t\t\t\t\t\t\t\t<div class=\"arrow_date\"><\/div>\n\t\t\t\t\t\t\t<\/li>\n\t\t\t\t\t\t\t<li class=\"comments_number\">\t\t\t<a href=\"https:\/\/andx.ca\/fr\/2014\/01\/02\/nouveau-site-web\/#respond\" title=\"0 comments\">0 comments<\/a>\n\t\t\t\t\t\t\t<\/li>\n\t\t\t\t\t\t<\/ul>\n\t\t\t\t\t\t<div class=\"post_content\"><a class=\"post_image\" href=\"https:\/\/andx.ca\/fr\/2014\/01\/02\/nouveau-site-web\/\" title=\"Nouveau site web\"><span class=\"mc_preloader\"><\/span><img loading=\"lazy\" decoding=\"async\" width=\"540\" height=\"280\" src=\"https:\/\/andx.ca\/fr\/wp-content\/uploads\/2014\/01\/news-image-fr-540x280.jpg\" class=\"attachment-blog-post-thumb size-blog-post-thumb wp-post-image\" alt=\"Nouveau site web\" title=\"\" \/><\/a><h2><a href=\"https:\/\/andx.ca\/fr\/2014\/01\/02\/nouveau-site-web\/\" title=\"Nouveau site web\">Nouveau site web<\/a><\/h2><p>AndX Logic est fier d&rsquo;annoncer le lancement de notre nouveau site-web. Nous avons l&rsquo;intention de continuer le d\u00e9veloppement de ce site. Restez attentifs pour les prochaines versions que nous allons fi\u00e8rement dans une nouvelle g\u00e9n\u00e9ration de produits qui vous aideront \u00e0 r\u00e9volutionner l&rsquo;industrie du service m\u00e9dical. Notre objectif est de inaugurer dans ensemble des outils<\/p>\n<a title=\"Lire la suite\" href=\"https:\/\/andx.ca\/fr\/2014\/01\/02\/nouveau-site-web\/\" class=\"more\">Lire la suite &rarr;<\/a>\t\t<div class=\"post_footer clearfix\"><ul class=\"post_footer_details\"><li>Posted in <\/li><li>\n\t\t\t\t\t\t\t\t\t\t\t<a href=\"https:\/\/andx.ca\/fr\/category\/general\/\" title=\"Voir tous les articles class\u00e9s dans G\u00e9n\u00e9ral\">G\u00e9n\u00e9ral<\/a>, \n\t\t\t\t\t\t\t\t\t\t<\/li><li>\n\t\t\t\t\t\t\t\t\t\t\t<a href=\"https:\/\/andx.ca\/fr\/category\/news\/\" title=\"Voir tous les articles class\u00e9s dans Nouveaut\u00e9s\">Nouveaut\u00e9s<\/a>\n\t\t\t\t\t\t\t\t\t\t<\/li>\t\t\t<\/ul><\/div><\/div><\/li><\/ul> \n\t\t<\/div> \n\t<\/div> \n \n\t<div class=\"vc_span4 wpb_column column_container\">\n\t\t<div class=\"wpb_wrapper\">\n\t\t\t \n\t<div class=\"wpb_text_column wpb_content_element \">\n\t\t<div class=\"wpb_wrapper\">\n\t\t\t\n<p>&nbsp;<\/p>\n\n\t\t<\/div> \n\t<\/div>  \n\t<div class=\"wpb_text_column wpb_content_element \">\n\t\t<div class=\"wpb_wrapper\">\n\t\t\t\n<h2>AndX Logic<\/h2>\n<p>Bienvenue sur notre page de nouvelles. Vous pouvez consulter ici pour les derni\u00e8res nouvelles sur tous nos produits. Nous cherchons \u00e0 garder nos clients au courant de tous les derniers d\u00e9veloppements.<\/p>\n\n\t\t<\/div> \n\t<\/div>  \n\t<div class=\"wpb_widgetised_column wpb_content_element clearfix page_margin_top\">\n\t\t<div class=\"wpb_wrapper\">\n\t\t\t<div id='categories-2' class='widget widget_categories sidebar_box'><h3 class='box_header'>Categories<\/h3>\n\t\t\t<ul>\n\t\t\t\t\t<li class=\"cat-item cat-item-4\"><a href=\"https:\/\/andx.ca\/fr\/category\/general\/\">G\u00e9n\u00e9ral<\/a>\n<\/li>\n\t<li class=\"cat-item cat-item-38\"><a href=\"https:\/\/andx.ca\/fr\/category\/infolettres\/\">Infolettres<\/a>\n<\/li>\n\t<li class=\"cat-item cat-item-8\"><a href=\"https:\/\/andx.ca\/fr\/category\/news\/\">Nouveaut\u00e9s<\/a>\n<\/li>\n\t\t\t<\/ul>\n\n\t\t\t<\/div>\n\t\t<\/div> \n\t<\/div>  \n\t\t<\/div> \n\t<\/div> \n <\/div>\n","protected":false},"excerpt":{"rendered":"AndX Logic est fier d'annoncer le lancement de notre nouveau site-web. Nous avons l'intention de continuer le d\u00e9veloppement de ce site. Restez attentifs pour les prochaines versions que nous allons fi\u00e8rement dans une nouvelle g\u00e9n\u00e9ration de produits qui vous aideront \u00e0 r\u00e9volutionner l'industrie du service m\u00e9dical. Notre objectif est de inaugurer dans ensemble des outils","protected":false},"author":1,"featured_media":0,"parent":0,"menu_order":0,"comment_status":"open","ping_status":"open","template":"template-blog.php","meta":{"footnotes":""},"class_list":["post-2409","page","type-page","status-publish","hentry"],"_links":{"self":[{"href":"https:\/\/andx.ca\/fr\/wp-json\/wp\/v2\/pages\/2409","targetHints":{"allow":["GET"]}}],"collection":[{"href":"https:\/\/andx.ca\/fr\/wp-json\/wp\/v2\/pages"}],"about":[{"href":"https:\/\/andx.ca\/fr\/wp-json\/wp\/v2\/types\/page"}],"author":[{"embeddable":true,"href":"https:\/\/andx.ca\/fr\/wp-json\/wp\/v2\/users\/1"}],"replies":[{"embeddable":true,"href":"https:\/\/andx.ca\/fr\/wp-json\/wp\/v2\/comments?post=2409"}],"version-history":[{"count":4,"href":"https:\/\/andx.ca\/fr\/wp-json\/wp\/v2\/pages\/2409\/revisions"}],"predecessor-version":[{"id":2413,"href":"https:\/\/andx.ca\/fr\/wp-json\/wp\/v2\/pages\/2409\/revisions\/2413"}],"wp:attachment":[{"href":"https:\/\/andx.ca\/fr\/wp-json\/wp\/v2\/media?parent=2409"}],"curies":[{"name":"wp","href":"https:\/\/api.w.org\/{rel}","templated":true}]}}