{"id":2468,"date":"2014-02-21T06:42:25","date_gmt":"2014-02-21T06:42:25","guid":{"rendered":"http:\/\/andx.ca\/fr\/?page_id=2468"},"modified":"2014-02-21T07:45:10","modified_gmt":"2014-02-21T07:45:10","slug":"partenariats","status":"publish","type":"page","link":"https:\/\/andx.ca\/fr\/partenariats\/","title":{"rendered":"PARTENARIATS"},"content":{"rendered":"<div class=\"wpb_row vc_row-fluid \"> \n\t<div class=\"vc_span6 wpb_column column_container\">\n\t\t<div class=\"wpb_wrapper\">\n\t\t\t <div class=\"gallery_box small_slider\"><ul class=\"image_carousel small_slider id-small_slider autoplay-0 pause_on_hover-1 scroll-1 effect-none easing-easeInOutQuint duration-750 page_margin_top_section\"><li><img loading=\"lazy\" decoding=\"async\" width=\"480\" height=\"147\" src=\"https:\/\/andx.ca\/fr\/wp-content\/uploads\/2014\/02\/excel.jpg\" class=\"attachment-medicenter-gallery-image size-medicenter-gallery-image\" alt=\"\" srcset=\"https:\/\/andx.ca\/fr\/wp-content\/uploads\/2014\/02\/excel.jpg 480w, https:\/\/andx.ca\/fr\/wp-content\/uploads\/2014\/02\/excel-300x91.jpg 300w\" sizes=\"auto, (max-width: 480px) 100vw, 480px\" \/><ul class=\"controls\">\n\t\t\t\t<li>\n\t\t\t\t\t<a target=\"_blank\" href=\"http:\/\/www.excelsante.ca\/fr\" class=\"fancybox-url open_url_lightbox\" style=\"background-image: url('https:\/\/andx.ca\/fr\/wp-content\/themes\/medicenter\/images\/icons_media\/blue_light\/url.png')\"><\/a>\n\t\t\t\t<\/li>\n\t\t\t<\/ul>\n\t\t<\/li><\/ul><\/div> \n\t\t<\/div> \n\t<\/div> \n \n\t<div class=\"vc_span6 wpb_column column_container\">\n\t\t<div class=\"wpb_wrapper\">\n\t\t\t \n\t<div class=\"wpb_text_column wpb_content_element \">\n\t\t<div class=\"wpb_wrapper\">\n\t\t\t\n<p>Excel Sant\u00e9 est un fournisseur de services-conseils en sant\u00e9, de soins infirmiers et de soins de sant\u00e9, \u00e0 domicile, en milieu de travail et dans les communaut\u00e9s \u00e9loign\u00e9es du Grand Nord qu\u00e9b\u00e9cois. Notre \u00e9quipe de professionnels hautement qualifi\u00e9s et d\u00e9vou\u00e9s poss\u00e8de une formation pouss\u00e9e et une solide exp\u00e9rience de gestion dans le domaine des soins de sant\u00e9. Soci\u00e9t\u00e9 ferm\u00e9e, nos bureaux sont situ\u00e9s \u00e0 Montr\u00e9al.<\/p>\n\n\t\t<\/div> \n\t<\/div>  \n\t\t<\/div> \n\t<\/div> \n <\/div> <div class=\"wpb_row vc_row-fluid \"> \n\t<div class=\"vc_span12 wpb_column column_container\">\n\t\t<div class=\"wpb_wrapper\">\n\t\t\t <div class=\"wpb_separator wpb_content_element \"><\/div>\n \n\t\t<\/div> \n\t<\/div> \n <\/div> <div class=\"wpb_row vc_row-fluid \"> \n\t<div class=\"vc_span6 wpb_column column_container\">\n\t\t<div class=\"wpb_wrapper\">\n\t\t\t \n\t<div class=\"wpb_text_column wpb_content_element \">\n\t\t<div class=\"wpb_wrapper\">\n\t\t\t\n<p>Manuels de facturation, info-lettres, formulaires, services en ligne, les outils et les informations n\u00e9cessaires pour votre pratique, etc.<\/p>\n\n\t\t<\/div> \n\t<\/div>  \n\t\t<\/div> \n\t<\/div> \n \n\t<div class=\"vc_span6 wpb_column column_container\">\n\t\t<div class=\"wpb_wrapper\">\n\t\t\t <div class=\"gallery_box small_slider\"><ul class=\"image_carousel small_slider id-small_slider autoplay-0 pause_on_hover-1 scroll-1 effect-scroll easing-easeInOutQuint duration-750 page_margin_top_section\"><li><img loading=\"lazy\" decoding=\"async\" width=\"480\" height=\"147\" src=\"https:\/\/andx.ca\/fr\/wp-content\/uploads\/2014\/02\/ramq.jpg\" class=\"attachment-medicenter-gallery-image size-medicenter-gallery-image\" alt=\"\" srcset=\"https:\/\/andx.ca\/fr\/wp-content\/uploads\/2014\/02\/ramq.jpg 480w, https:\/\/andx.ca\/fr\/wp-content\/uploads\/2014\/02\/ramq-300x91.jpg 300w\" sizes=\"auto, (max-width: 480px) 100vw, 480px\" \/><ul class=\"controls\">\n\t\t\t\t<li>\n\t\t\t\t\t<a target=\"_blank\" href=\"http:\/\/www.ramq.gouv.qc.ca\/fr\/professionnels\/pages\/professionnels.aspx\" class=\"fancybox-url open_url_lightbox\" style=\"background-image: url('https:\/\/andx.ca\/fr\/wp-content\/themes\/medicenter\/images\/icons_media\/blue_light\/url.png')\"><\/a>\n\t\t\t\t<\/li>\n\t\t\t<\/ul>\n\t\t<\/li><\/ul><\/div> \n\t\t<\/div> \n\t<\/div> \n <\/div> <div class=\"wpb_row vc_row-fluid \"> \n\t<div class=\"vc_span12 wpb_column column_container\">\n\t\t<div class=\"wpb_wrapper\">\n\t\t\t <div class=\"wpb_separator wpb_content_element \"><\/div>\n \n\t\t<\/div> \n\t<\/div> \n <\/div> <div class=\"wpb_row vc_row-fluid \"> \n\t<div class=\"vc_span6 wpb_column column_container\">\n\t\t<div class=\"wpb_wrapper\">\n\t\t\t <div class=\"gallery_box small_slider\"><ul class=\"image_carousel small_slider id-small_slider autoplay-0 pause_on_hover-1 scroll-1 effect-scroll easing-easeInOutQuint duration-750 page_margin_top_section\"><li><img loading=\"lazy\" decoding=\"async\" width=\"480\" height=\"147\" src=\"https:\/\/andx.ca\/fr\/wp-content\/uploads\/2014\/02\/cmq.jpg\" class=\"attachment-medicenter-gallery-image size-medicenter-gallery-image\" alt=\"\" srcset=\"https:\/\/andx.ca\/fr\/wp-content\/uploads\/2014\/02\/cmq.jpg 480w, https:\/\/andx.ca\/fr\/wp-content\/uploads\/2014\/02\/cmq-300x91.jpg 300w\" sizes=\"auto, (max-width: 480px) 100vw, 480px\" \/><ul class=\"controls\">\n\t\t\t\t<li>\n\t\t\t\t\t<a target=\"_blank\" href=\"http:\/\/www.cmq.org\/fr.aspx\" class=\"fancybox-url open_url_lightbox\" style=\"background-image: url('https:\/\/andx.ca\/fr\/wp-content\/themes\/medicenter\/images\/icons_media\/blue_light\/url.png')\"><\/a>\n\t\t\t\t<\/li>\n\t\t\t<\/ul>\n\t\t<\/li><\/ul><\/div> \n\t\t<\/div> \n\t<\/div> \n \n\t<div class=\"vc_span6 wpb_column column_container\">\n\t\t<div class=\"wpb_wrapper\">\n\t\t\t \n\t<div class=\"wpb_text_column wpb_content_element \">\n\t\t<div class=\"wpb_wrapper\">\n\t\t\t\n<p>Le Coll\u00e8ge des m\u00e9decins est l&rsquo;ordre professionnel des m\u00e9decins qu\u00e9b\u00e9cois.<br \/>\nSa mission : Une m\u00e9decine de qualit\u00e9 au service du public<\/p>\n\n\t\t<\/div> \n\t<\/div>  \n\t\t<\/div> \n\t<\/div> \n <\/div> <div class=\"wpb_row vc_row-fluid \"> \n\t<div class=\"vc_span12 wpb_column column_container\">\n\t\t<div class=\"wpb_wrapper\">\n\t\t\t <div class=\"wpb_separator wpb_content_element \"><\/div>\n \n\t\t<\/div> \n\t<\/div> \n <\/div> <div class=\"wpb_row vc_row-fluid \"> \n\t<div class=\"vc_span6 wpb_column column_container\">\n\t\t<div class=\"wpb_wrapper\">\n\t\t\t \n\t<div class=\"wpb_text_column wpb_content_element \">\n\t\t<div class=\"wpb_wrapper\">\n\t\t\t\n<p>Avec pr\u00e8s de 300 \u00e9difices, plus de 37 500 \u00e9tudiants inscrits \u00e0 ses programmes d\u2019\u00e9tudes, un r\u00e9seau de plus de 250 000 dipl\u00f4m\u00e9s aux quatre coins du monde et une r\u00e9putation d\u2019excellence par-del\u00e0 les fronti\u00e8res, McGill s\u2019est forg\u00e9 une place parmi les plus grandes universit\u00e9s du monde.<\/p>\n\n\t\t<\/div> \n\t<\/div>  \n\t\t<\/div> \n\t<\/div> \n \n\t<div class=\"vc_span6 wpb_column column_container\">\n\t\t<div class=\"wpb_wrapper\">\n\t\t\t <div class=\"gallery_box small_slider\"><ul class=\"image_carousel small_slider id-small_slider autoplay-0 pause_on_hover-1 scroll-1 effect-scroll easing-easeInOutQuint duration-750 page_margin_top_section\"><li><img loading=\"lazy\" decoding=\"async\" width=\"480\" height=\"147\" src=\"https:\/\/andx.ca\/fr\/wp-content\/uploads\/2014\/02\/mcgill-en.jpg\" class=\"attachment-medicenter-gallery-image size-medicenter-gallery-image\" alt=\"\" srcset=\"https:\/\/andx.ca\/fr\/wp-content\/uploads\/2014\/02\/mcgill-en.jpg 480w, https:\/\/andx.ca\/fr\/wp-content\/uploads\/2014\/02\/mcgill-en-300x91.jpg 300w\" sizes=\"auto, (max-width: 480px) 100vw, 480px\" \/><ul class=\"controls\">\n\t\t\t\t<li>\n\t\t\t\t\t<a target=\"_blank\" href=\"http:\/\/www.mcgill.ca\/fr\" class=\"fancybox-url open_url_lightbox\" style=\"background-image: url('https:\/\/andx.ca\/fr\/wp-content\/themes\/medicenter\/images\/icons_media\/blue_light\/url.png')\"><\/a>\n\t\t\t\t<\/li>\n\t\t\t<\/ul>\n\t\t<\/li><\/ul><\/div> \n\t\t<\/div> \n\t<\/div> \n <\/div> <div class=\"wpb_row vc_row-fluid \"> \n\t<div class=\"vc_span12 wpb_column column_container\">\n\t\t<div class=\"wpb_wrapper\">\n\t\t\t <div class=\"wpb_separator wpb_content_element \"><\/div>\n \n\t\t<\/div> \n\t<\/div> \n <\/div> <div class=\"wpb_row vc_row-fluid \"> \n\t<div class=\"vc_span6 wpb_column column_container\">\n\t\t<div class=\"wpb_wrapper\">\n\t\t\t <div class=\"gallery_box small_slider\"><ul class=\"image_carousel small_slider id-small_slider autoplay-0 pause_on_hover-1 scroll-1 effect-scroll easing-easeInOutQuint duration-750 page_margin_top_section\"><li><img loading=\"lazy\" decoding=\"async\" width=\"480\" height=\"147\" src=\"https:\/\/andx.ca\/fr\/wp-content\/uploads\/2014\/02\/zoomed.jpg\" class=\"attachment-medicenter-gallery-image size-medicenter-gallery-image\" alt=\"\" srcset=\"https:\/\/andx.ca\/fr\/wp-content\/uploads\/2014\/02\/zoomed.jpg 480w, https:\/\/andx.ca\/fr\/wp-content\/uploads\/2014\/02\/zoomed-300x91.jpg 300w\" sizes=\"auto, (max-width: 480px) 100vw, 480px\" \/><ul class=\"controls\">\n\t\t\t\t<li>\n\t\t\t\t\t<a target=\"_blank\" href=\"http:\/\/zoommedcorpo.com\/francais\/\" class=\"fancybox-url open_url_lightbox\" style=\"background-image: url('https:\/\/andx.ca\/fr\/wp-content\/themes\/medicenter\/images\/icons_media\/blue_light\/url.png')\"><\/a>\n\t\t\t\t<\/li>\n\t\t\t<\/ul>\n\t\t<\/li><\/ul><\/div> \n\t\t<\/div> \n\t<\/div> \n \n\t<div class=\"vc_span6 wpb_column column_container\">\n\t\t<div class=\"wpb_wrapper\">\n\t\t\t \n\t<div class=\"wpb_text_column wpb_content_element \">\n\t\t<div class=\"wpb_wrapper\">\n\t\t\t\n<p>ZoomMed construit et exploite le r\u00e9seau de communication de ZoomMed, un r\u00e9seau interop\u00e9rable d\u2019\u00e9change d\u2019informations cliniques entre les m\u00e9decins et l\u2019ensemble des autres intervenants du secteur de la sant\u00e9, tels que les pharmaciens, sp\u00e9cialistes, compagnies pharmaceutiques, laboratoires, cliniques sp\u00e9cialis\u00e9es, assureurs priv\u00e9s, employeurs et autres.<\/p>\n\n\t\t<\/div> \n\t<\/div>  \n\t\t<\/div> \n\t<\/div> \n <\/div> <div class=\"wpb_row vc_row-fluid \"> \n\t<div class=\"vc_span12 wpb_column column_container\">\n\t\t<div class=\"wpb_wrapper\">\n\t\t\t <div class=\"wpb_separator wpb_content_element \"><\/div>\n \n\t\t<\/div> \n\t<\/div> \n <\/div> <div class=\"wpb_row vc_row-fluid \"> \n\t<div class=\"vc_span6 wpb_column column_container\">\n\t\t<div class=\"wpb_wrapper\">\n\t\t\t \n\t<div class=\"wpb_text_column wpb_content_element \">\n\t\t<div class=\"wpb_wrapper\">\n\t\t\t\n<p>La Clinique M\u00e9dico-esth\u00e9tique Rejuvenex se sp\u00e9cialise dans des traitements de rajeunissement de la peau, pour hommes et femmes, efficaces, s\u00e9curitaires et peu effractifs, effectu\u00e9s sous la supervision d\u2019une \u00e9quipe m\u00e9dicale.<\/p>\n<p>Rejuvenex est fier de se servir des lasers ALMA, \u00e0 la fine pointe de la technologie, de Harmony Platform. Gr\u00e2ce \u00e0 la technologie AFT, la plus r\u00e9cente g\u00e9n\u00e9ration de th\u00e9rapie \u00e0 la lumiere puls\u00e9e, le proc\u00e9d\u00e9 n\u2019\u00e9ngendre peu ou pas de dommage \u00e0 l\u2019\u00e9piderme ni d\u2019inconfort. Solutions de traitment de la peau s\u00e9curitaires, douces et permanentes, pour hommes et femmes.<\/p>\n<p>Le Dr Michael Kalin, Directeur m\u00e9dical, est membre du Coll\u00e8ge des m\u00e9decins de famille du Canada.<\/p>\n\n\t\t<\/div> \n\t<\/div>  \n\t\t<\/div> \n\t<\/div> \n \n\t<div class=\"vc_span6 wpb_column column_container\">\n\t\t<div class=\"wpb_wrapper\">\n\t\t\t <div class=\"gallery_box small_slider\"><ul class=\"image_carousel small_slider id-small_slider autoplay-0 pause_on_hover-1 scroll-1 effect-scroll easing-easeInOutQuint duration-750 page_margin_top_section\"><li><img loading=\"lazy\" decoding=\"async\" width=\"480\" height=\"147\" src=\"https:\/\/andx.ca\/fr\/wp-content\/uploads\/2014\/02\/rejvenex-md.jpg\" class=\"attachment-medicenter-gallery-image size-medicenter-gallery-image\" alt=\"\" srcset=\"https:\/\/andx.ca\/fr\/wp-content\/uploads\/2014\/02\/rejvenex-md.jpg 480w, https:\/\/andx.ca\/fr\/wp-content\/uploads\/2014\/02\/rejvenex-md-300x91.jpg 300w\" sizes=\"auto, (max-width: 480px) 100vw, 480px\" \/><ul class=\"controls\">\n\t\t\t\t<li>\n\t\t\t\t\t<a target=\"_blank\" href=\"http:\/\/www.rejuvenexmd.ca\/fr\/\" class=\"fancybox-url open_url_lightbox\" style=\"background-image: url('https:\/\/andx.ca\/fr\/wp-content\/themes\/medicenter\/images\/icons_media\/blue_light\/url.png')\"><\/a>\n\t\t\t\t<\/li>\n\t\t\t<\/ul>\n\t\t<\/li><\/ul><\/div> \n\t\t<\/div> \n\t<\/div> \n <\/div> <div class=\"wpb_row vc_row-fluid \"> \n\t<div class=\"vc_span12 wpb_column column_container\">\n\t\t<div class=\"wpb_wrapper\">\n\t\t\t <div class=\"wpb_separator wpb_content_element \"><\/div>\n \n\t\t<\/div> \n\t<\/div> \n <\/div>\n","protected":false},"excerpt":{"rendered":"Excel Sant\u00e9 est un fournisseur de services-conseils en sant\u00e9, de soins infirmiers et de soins de sant\u00e9, \u00e0 domicile, en milieu de travail et dans les communaut\u00e9s \u00e9loign\u00e9es du Grand Nord qu\u00e9b\u00e9cois. Notre \u00e9quipe de professionnels hautement qualifi\u00e9s et d\u00e9vou\u00e9s poss\u00e8de une formation pouss\u00e9e et une solide exp\u00e9rience de gestion dans le domaine des soins","protected":false},"author":1,"featured_media":0,"parent":0,"menu_order":0,"comment_status":"open","ping_status":"open","template":"","meta":{"footnotes":""},"class_list":["post-2468","page","type-page","status-publish","hentry"],"_links":{"self":[{"href":"https:\/\/andx.ca\/fr\/wp-json\/wp\/v2\/pages\/2468","targetHints":{"allow":["GET"]}}],"collection":[{"href":"https:\/\/andx.ca\/fr\/wp-json\/wp\/v2\/pages"}],"about":[{"href":"https:\/\/andx.ca\/fr\/wp-json\/wp\/v2\/types\/page"}],"author":[{"embeddable":true,"href":"https:\/\/andx.ca\/fr\/wp-json\/wp\/v2\/users\/1"}],"replies":[{"embeddable":true,"href":"https:\/\/andx.ca\/fr\/wp-json\/wp\/v2\/comments?post=2468"}],"version-history":[{"count":3,"href":"https:\/\/andx.ca\/fr\/wp-json\/wp\/v2\/pages\/2468\/revisions"}],"predecessor-version":[{"id":2478,"href":"https:\/\/andx.ca\/fr\/wp-json\/wp\/v2\/pages\/2468\/revisions\/2478"}],"wp:attachment":[{"href":"https:\/\/andx.ca\/fr\/wp-json\/wp\/v2\/media?parent=2468"}],"curies":[{"name":"wp","href":"https:\/\/api.w.org\/{rel}","templated":true}]}}