{"id":2479,"date":"2014-02-21T07:56:21","date_gmt":"2014-02-21T07:56:21","guid":{"rendered":"http:\/\/andx.ca\/fr\/?page_id=2479"},"modified":"2014-02-21T08:02:59","modified_gmt":"2014-02-21T08:02:59","slug":"produits","status":"publish","type":"page","link":"https:\/\/andx.ca\/fr\/produits\/","title":{"rendered":"PRODUITS"},"content":{"rendered":"<div class=\"wpb_row vc_row-fluid \"> \n\t<div class=\"vc_span6 wpb_column column_container\">\n\t\t<div class=\"wpb_wrapper\">\n\t\t\t <div class=\"gallery_box small_slider\"><ul class=\"image_carousel small_slider id-small_slider autoplay-0 pause_on_hover-1 scroll-1 effect-none easing-easeInOutQuint duration-750 page_margin_top_section\"><li><img loading=\"lazy\" decoding=\"async\" width=\"480\" height=\"154\" src=\"https:\/\/andx.ca\/fr\/wp-content\/uploads\/2013\/04\/andx-prise-de-rendez-vous-fr.jpg\" class=\"attachment-medicenter-gallery-image size-medicenter-gallery-image\" alt=\"\" srcset=\"https:\/\/andx.ca\/fr\/wp-content\/uploads\/2013\/04\/andx-prise-de-rendez-vous-fr.jpg 480w, https:\/\/andx.ca\/fr\/wp-content\/uploads\/2013\/04\/andx-prise-de-rendez-vous-fr-300x96.jpg 300w\" sizes=\"auto, (max-width: 480px) 100vw, 480px\" \/><ul class=\"controls\">\n\t\t\t\t<li>\n\t\t\t\t\t<a target=\"_blank\" href=\"features\/prise-de-rendez-vous\/\" class=\"fancybox-url open_url_lightbox\" style=\"background-image: url('https:\/\/andx.ca\/fr\/wp-content\/themes\/medicenter\/images\/icons_media\/blue_light\/url.png')\"><\/a>\n\t\t\t\t<\/li>\n\t\t\t<\/ul>\n\t\t<\/li><\/ul><\/div> \n\t\t<\/div> \n\t<\/div> \n \n\t<div class=\"vc_span6 wpb_column column_container\">\n\t\t<div class=\"wpb_wrapper\">\n\t\t\t \n\t<div class=\"wpb_text_column wpb_content_element \">\n\t\t<div class=\"wpb_wrapper\">\n\t\t\t\n<h2><b>Prise de rendez-vous<\/b><\/h2>\n<p>Gr\u00e2ce au module agenda d\u2019AndX, la gestion de prise de rendez-vous est un jeu d\u2019enfant. Au moyen d\u2019une simple recherche, vous obtiendrez des informations d\u00e9taill\u00e9es\u00a0 instantan\u00e9es avant m\u00eame de cr\u00e9er le rendez-vous.<\/p>\n<p>Pour en savoir davantage <a title=\"Cliquer pour plus d'informations\" href=\"http:\/\/andx.ca\/fr\/features\/prise-de-rendez-vous\/\">Cliquer pour plus d&rsquo;informations<\/a><\/p>\n\n\t\t<\/div> \n\t<\/div>  \n\t\t<\/div> \n\t<\/div> \n <\/div> <div class=\"wpb_row vc_row-fluid \"> \n\t<div class=\"vc_span12 wpb_column column_container\">\n\t\t<div class=\"wpb_wrapper\">\n\t\t\t <div class=\"wpb_separator wpb_content_element \"><\/div>\n \n\t\t<\/div> \n\t<\/div> \n <\/div> <div class=\"wpb_row vc_row-fluid \"> \n\t<div class=\"vc_span6 wpb_column column_container\">\n\t\t<div class=\"wpb_wrapper\">\n\t\t\t \n\t<div class=\"wpb_text_column wpb_content_element \">\n\t\t<div class=\"wpb_wrapper\">\n\t\t\t\n<h2><b>Prescripteur<\/b><\/h2>\n<ul>\n<li>Disponible pour iPhone et Mac OS X<\/li>\n<\/ul>\n<ul>\n<li>Permet aux m\u00e9decins de r\u00e9aliser et renouveler les ordonnances en un instant<\/li>\n<\/ul>\n<ul>\n<li>D\u00e9c\u00e8le automatiquement les interactions m\u00e9dicamenteuses potentiellement dangereuses<\/li>\n<\/ul>\n<ul>\n<li>R\u00e9duit le risque d\u2019erreurs lors du traitement d\u2019ordonnances<\/li>\n<\/ul>\n\n\t\t<\/div> \n\t<\/div>  \n\t\t<\/div> \n\t<\/div> \n \n\t<div class=\"vc_span6 wpb_column column_container\">\n\t\t<div class=\"wpb_wrapper\">\n\t\t\t <div class=\"gallery_box small_slider\"><ul class=\"image_carousel small_slider id-small_slider autoplay-0 pause_on_hover-1 scroll-1 effect-scroll easing-easeInOutQuint duration-750 page_margin_top_section\"><li><img loading=\"lazy\" decoding=\"async\" width=\"480\" height=\"154\" src=\"https:\/\/andx.ca\/fr\/wp-content\/uploads\/2013\/04\/andx-prescripteur-fr.jpg\" class=\"attachment-medicenter-gallery-image size-medicenter-gallery-image\" alt=\"\" srcset=\"https:\/\/andx.ca\/fr\/wp-content\/uploads\/2013\/04\/andx-prescripteur-fr.jpg 480w, https:\/\/andx.ca\/fr\/wp-content\/uploads\/2013\/04\/andx-prescripteur-fr-300x96.jpg 300w\" sizes=\"auto, (max-width: 480px) 100vw, 480px\" \/><ul class=\"controls\">\n\t\t\t\t<li>\n\t\t\t\t\t<a target=\"_blank\" href=\"features\/prescripteur\" class=\"fancybox-url open_url_lightbox\" style=\"background-image: url('https:\/\/andx.ca\/fr\/wp-content\/themes\/medicenter\/images\/icons_media\/blue_light\/url.png')\"><\/a>\n\t\t\t\t<\/li>\n\t\t\t<\/ul>\n\t\t<\/li><\/ul><\/div> \n\t\t<\/div> \n\t<\/div> \n <\/div> <div class=\"wpb_row vc_row-fluid \"> \n\t<div class=\"vc_span12 wpb_column column_container\">\n\t\t<div class=\"wpb_wrapper\">\n\t\t\t <div class=\"wpb_separator wpb_content_element \"><\/div>\n \n\t\t<\/div> \n\t<\/div> \n <\/div> <div class=\"wpb_row vc_row-fluid \"> \n\t<div class=\"vc_span6 wpb_column column_container\">\n\t\t<div class=\"wpb_wrapper\">\n\t\t\t <div class=\"gallery_box small_slider\"><ul class=\"image_carousel small_slider id-small_slider autoplay-0 pause_on_hover-1 scroll-1 effect-scroll easing-easeInOutQuint duration-750 page_margin_top_section\"><li><img loading=\"lazy\" decoding=\"async\" width=\"480\" height=\"154\" src=\"https:\/\/andx.ca\/fr\/wp-content\/uploads\/2013\/04\/andx-audit-fr.jpg\" class=\"attachment-medicenter-gallery-image size-medicenter-gallery-image\" alt=\"\" srcset=\"https:\/\/andx.ca\/fr\/wp-content\/uploads\/2013\/04\/andx-audit-fr.jpg 480w, https:\/\/andx.ca\/fr\/wp-content\/uploads\/2013\/04\/andx-audit-fr-300x96.jpg 300w\" sizes=\"auto, (max-width: 480px) 100vw, 480px\" \/><ul class=\"controls\">\n\t\t\t\t<li>\n\t\t\t\t\t<a target=\"_blank\" href=\"features\/audit\" class=\"fancybox-url open_url_lightbox\" style=\"background-image: url('https:\/\/andx.ca\/fr\/wp-content\/themes\/medicenter\/images\/icons_media\/blue_light\/url.png')\"><\/a>\n\t\t\t\t<\/li>\n\t\t\t<\/ul>\n\t\t<\/li><\/ul><\/div> \n\t\t<\/div> \n\t<\/div> \n \n\t<div class=\"vc_span6 wpb_column column_container\">\n\t\t<div class=\"wpb_wrapper\">\n\t\t\t \n\t<div class=\"wpb_text_column wpb_content_element \">\n\t\t<div class=\"wpb_wrapper\">\n\t\t\t\n<h2>Audit<\/h2>\n<p>L\u2019audit fait un suivi de qui a fix\u00e9, modifi\u00e9 ou annul\u00e9 un rendez-vous, r\u00e9alis\u00e9 une facturation, ou supprim\u00e9 des informations.<\/p>\n\n\t\t<\/div> \n\t<\/div>  \n\t\t<\/div> \n\t<\/div> \n <\/div> <div class=\"wpb_row vc_row-fluid \"> \n\t<div class=\"vc_span12 wpb_column column_container\">\n\t\t<div class=\"wpb_wrapper\">\n\t\t\t <div class=\"wpb_separator wpb_content_element \"><\/div>\n \n\t\t<\/div> \n\t<\/div> \n <\/div> <div class=\"wpb_row vc_row-fluid \"> \n\t<div class=\"vc_span6 wpb_column column_container\">\n\t\t<div class=\"wpb_wrapper\">\n\t\t\t \n\t<div class=\"wpb_text_column wpb_content_element \">\n\t\t<div class=\"wpb_wrapper\">\n\t\t\t\n<h2><b>Facturation priv\u00e9e<\/b><\/h2>\n<ul>\n<li>Notre module de facturation priv\u00e9e vous permet de mieux g\u00e9rer votre clinique.<\/li>\n<\/ul>\n<ul>\n<li>Cr\u00e9ation de factures ais\u00e9e<\/li>\n<\/ul>\n<ul>\n<li>Production de rapports y compris comptes d\u00e9biteurs, revenu par m\u00e9decin, visite ou acte.<\/li>\n<\/ul>\n\n\t\t<\/div> \n\t<\/div>  \n\t\t<\/div> \n\t<\/div> \n \n\t<div class=\"vc_span6 wpb_column column_container\">\n\t\t<div class=\"wpb_wrapper\">\n\t\t\t <div class=\"gallery_box small_slider\"><ul class=\"image_carousel small_slider id-small_slider autoplay-0 pause_on_hover-1 scroll-1 effect-scroll easing-easeInOutQuint duration-750 page_margin_top_section\"><li><img loading=\"lazy\" decoding=\"async\" width=\"480\" height=\"154\" src=\"https:\/\/andx.ca\/fr\/wp-content\/uploads\/2013\/04\/andx-facturation-privee-fr.jpg\" class=\"attachment-medicenter-gallery-image size-medicenter-gallery-image\" alt=\"\" srcset=\"https:\/\/andx.ca\/fr\/wp-content\/uploads\/2013\/04\/andx-facturation-privee-fr.jpg 480w, https:\/\/andx.ca\/fr\/wp-content\/uploads\/2013\/04\/andx-facturation-privee-fr-300x96.jpg 300w\" sizes=\"auto, (max-width: 480px) 100vw, 480px\" \/><ul class=\"controls\">\n\t\t\t\t<li>\n\t\t\t\t\t<a target=\"_blank\" href=\"features\/facturation-privee\" class=\"fancybox-url open_url_lightbox\" style=\"background-image: url('https:\/\/andx.ca\/fr\/wp-content\/themes\/medicenter\/images\/icons_media\/blue_light\/url.png')\"><\/a>\n\t\t\t\t<\/li>\n\t\t\t<\/ul>\n\t\t<\/li><\/ul><\/div> \n\t\t<\/div> \n\t<\/div> \n <\/div> <div class=\"wpb_row vc_row-fluid \"> \n\t<div class=\"vc_span12 wpb_column column_container\">\n\t\t<div class=\"wpb_wrapper\">\n\t\t\t <div class=\"wpb_separator wpb_content_element \"><\/div>\n \n\t\t<\/div> \n\t<\/div> \n <\/div> <div class=\"wpb_row vc_row-fluid \"> \n\t<div class=\"vc_span6 wpb_column column_container\">\n\t\t<div class=\"wpb_wrapper\">\n\t\t\t <div class=\"gallery_box small_slider\"><ul class=\"image_carousel small_slider id-small_slider autoplay-0 pause_on_hover-1 scroll-1 effect-scroll easing-easeInOutQuint duration-750 page_margin_top_section\"><li><img loading=\"lazy\" decoding=\"async\" width=\"480\" height=\"154\" src=\"https:\/\/andx.ca\/fr\/wp-content\/uploads\/2013\/04\/andx-dossier-medical-informatise-fr.jpg\" class=\"attachment-medicenter-gallery-image size-medicenter-gallery-image\" alt=\"\" srcset=\"https:\/\/andx.ca\/fr\/wp-content\/uploads\/2013\/04\/andx-dossier-medical-informatise-fr.jpg 480w, https:\/\/andx.ca\/fr\/wp-content\/uploads\/2013\/04\/andx-dossier-medical-informatise-fr-300x96.jpg 300w\" sizes=\"auto, (max-width: 480px) 100vw, 480px\" \/><ul class=\"controls\">\n\t\t\t\t<li>\n\t\t\t\t\t<a target=\"_blank\" href=\"features\/dmi\" class=\"fancybox-url open_url_lightbox\" style=\"background-image: url('https:\/\/andx.ca\/fr\/wp-content\/themes\/medicenter\/images\/icons_media\/blue_light\/url.png')\"><\/a>\n\t\t\t\t<\/li>\n\t\t\t<\/ul>\n\t\t<\/li><\/ul><\/div> \n\t\t<\/div> \n\t<\/div> \n \n\t<div class=\"vc_span6 wpb_column column_container\">\n\t\t<div class=\"wpb_wrapper\">\n\t\t\t \n\t<div class=\"wpb_text_column wpb_content_element \">\n\t\t<div class=\"wpb_wrapper\">\n\t\t\t\n<div>\n<h2><b>DMI<\/b><\/h2>\n<\/div>\n<p>Un dossier m\u00e9dical informatis\u00e9 est un concept \u00e9volutif d\u00e9fini comme une collecte syst\u00e9matique d\u2019informations \u00e9lectroniques sur la sant\u00e9 de patients individuels ou de populations.<\/p>\n\n\t\t<\/div> \n\t<\/div>  \n\t\t<\/div> \n\t<\/div> \n <\/div> <div class=\"wpb_row vc_row-fluid \"> \n\t<div class=\"vc_span12 wpb_column column_container\">\n\t\t<div class=\"wpb_wrapper\">\n\t\t\t <div class=\"wpb_separator wpb_content_element \"><\/div>\n \n\t\t<\/div> \n\t<\/div> \n <\/div> <div class=\"wpb_row vc_row-fluid \"> \n\t<div class=\"vc_span6 wpb_column column_container\">\n\t\t<div class=\"wpb_wrapper\">\n\t\t\t \n\t<div class=\"wpb_text_column wpb_content_element \">\n\t\t<div class=\"wpb_wrapper\">\n\t\t\t\n<h2>AndX Xclaim<\/h2>\n<p>Nous sommes inscrits aupr\u00e8s de et agr\u00e9\u00e9s par la R\u00e9gie de l\u2019assurance-maladie du Qu\u00e9bec (RAMQ). XClaim est un syst\u00e8me de facturation par logiciel qui permet aux m\u00e9decins qu\u00e9b\u00e9cois d\u2019enregistrer leurs demandes de paiement aupr\u00e8s de la RAMQ par Internet de fa\u00e7on s\u00e9curitaire. XClaim valide toutes les informations en fonction des exigences de la RAMQ.<\/p>\n\n\t\t<\/div> \n\t<\/div>  \n\t\t<\/div> \n\t<\/div> \n \n\t<div class=\"vc_span6 wpb_column column_container\">\n\t\t<div class=\"wpb_wrapper\">\n\t\t\t <div class=\"gallery_box small_slider\"><ul class=\"image_carousel small_slider id-small_slider autoplay-0 pause_on_hover-1 scroll-1 effect-scroll easing-easeInOutQuint duration-750 page_margin_top_section\"><li><img loading=\"lazy\" decoding=\"async\" width=\"480\" height=\"154\" src=\"https:\/\/andx.ca\/fr\/wp-content\/uploads\/2013\/04\/andx-xclaim-fr.jpg\" class=\"attachment-medicenter-gallery-image size-medicenter-gallery-image\" alt=\"\" srcset=\"https:\/\/andx.ca\/fr\/wp-content\/uploads\/2013\/04\/andx-xclaim-fr.jpg 480w, https:\/\/andx.ca\/fr\/wp-content\/uploads\/2013\/04\/andx-xclaim-fr-300x96.jpg 300w\" sizes=\"auto, (max-width: 480px) 100vw, 480px\" \/><ul class=\"controls\">\n\t\t\t\t<li>\n\t\t\t\t\t<a target=\"_blank\" href=\"features\/andx-xclaim\" class=\"fancybox-url open_url_lightbox\" style=\"background-image: url('https:\/\/andx.ca\/fr\/wp-content\/themes\/medicenter\/images\/icons_media\/blue_light\/url.png')\"><\/a>\n\t\t\t\t<\/li>\n\t\t\t<\/ul>\n\t\t<\/li><\/ul><\/div> \n\t\t<\/div> \n\t<\/div> \n <\/div> <div class=\"wpb_row vc_row-fluid \"> \n\t<div class=\"vc_span12 wpb_column column_container\">\n\t\t<div class=\"wpb_wrapper\">\n\t\t\t <div class=\"wpb_separator wpb_content_element \"><\/div>\n \n\t\t<\/div> \n\t<\/div> \n <\/div> <div class=\"wpb_row vc_row-fluid \"> \n\t<div class=\"vc_span6 wpb_column column_container\">\n\t\t<div class=\"wpb_wrapper\">\n\t\t\t <div class=\"gallery_box small_slider\"><ul class=\"image_carousel small_slider id-small_slider autoplay-0 pause_on_hover-1 scroll-1 effect-scroll easing-easeInOutQuint duration-750 page_margin_top_section\"><li><img loading=\"lazy\" decoding=\"async\" width=\"480\" height=\"154\" src=\"https:\/\/andx.ca\/fr\/wp-content\/uploads\/2013\/04\/andx-system-pour-agences-de-placement-fr.jpg\" class=\"attachment-medicenter-gallery-image size-medicenter-gallery-image\" alt=\"\" srcset=\"https:\/\/andx.ca\/fr\/wp-content\/uploads\/2013\/04\/andx-system-pour-agences-de-placement-fr.jpg 480w, https:\/\/andx.ca\/fr\/wp-content\/uploads\/2013\/04\/andx-system-pour-agences-de-placement-fr-300x96.jpg 300w\" sizes=\"auto, (max-width: 480px) 100vw, 480px\" \/><ul class=\"controls\">\n\t\t\t\t<li>\n\t\t\t\t\t<a target=\"_blank\" href=\"features\/systeme-pour-agences-de-placement\" class=\"fancybox-url open_url_lightbox\" style=\"background-image: url('https:\/\/andx.ca\/fr\/wp-content\/themes\/medicenter\/images\/icons_media\/blue_light\/url.png')\"><\/a>\n\t\t\t\t<\/li>\n\t\t\t<\/ul>\n\t\t<\/li><\/ul><\/div> \n\t\t<\/div> \n\t<\/div> \n \n\t<div class=\"vc_span6 wpb_column column_container\">\n\t\t<div class=\"wpb_wrapper\">\n\t\t\t \n\t<div class=\"wpb_text_column wpb_content_element \">\n\t\t<div class=\"wpb_wrapper\">\n\t\t\t\n<h2><b>Syst\u00e8me pour agences de placement<\/b><\/h2>\n<p>Attribution de personnel \/ employ\u00e9s (p.ex. infirmier\/infirmi\u00e8re) aux clients (p.ex. CHSLD) pour des affectations de courte ou de longue dur\u00e9e.<\/p>\n<p><a title=\"Syst\u00e8me pour agences de placement\" href=\"http:\/\/andx.ca\/fr\/features\/systeme-pour-agences-de-placement\/\">Pour en savoir davantage<\/a><\/p>\n<p>&nbsp;<\/p>\n\n\t\t<\/div> \n\t<\/div>  \n\t\t<\/div> \n\t<\/div> \n <\/div> <div class=\"wpb_row vc_row-fluid \"> \n\t<div class=\"vc_span12 wpb_column column_container\">\n\t\t<div class=\"wpb_wrapper\">\n\t\t\t <div class=\"wpb_separator wpb_content_element \"><\/div>\n \n\t\t<\/div> \n\t<\/div> \n <\/div>\n","protected":false},"excerpt":{"rendered":"Prise de rendez-vous Gr\u00e2ce au module agenda d\u2019AndX, la gestion de prise de rendez-vous est un jeu d\u2019enfant. Au moyen d\u2019une simple recherche, vous obtiendrez des informations d\u00e9taill\u00e9es\u00a0 instantan\u00e9es avant m\u00eame de cr\u00e9er le rendez-vous. Pour en savoir davantage Cliquer pour plus d'informations Prescripteur Disponible pour iPhone et Mac OS X Permet aux m\u00e9decins de","protected":false},"author":1,"featured_media":0,"parent":0,"menu_order":0,"comment_status":"closed","ping_status":"closed","template":"","meta":{"footnotes":""},"class_list":["post-2479","page","type-page","status-publish","hentry"],"_links":{"self":[{"href":"https:\/\/andx.ca\/fr\/wp-json\/wp\/v2\/pages\/2479","targetHints":{"allow":["GET"]}}],"collection":[{"href":"https:\/\/andx.ca\/fr\/wp-json\/wp\/v2\/pages"}],"about":[{"href":"https:\/\/andx.ca\/fr\/wp-json\/wp\/v2\/types\/page"}],"author":[{"embeddable":true,"href":"https:\/\/andx.ca\/fr\/wp-json\/wp\/v2\/users\/1"}],"replies":[{"embeddable":true,"href":"https:\/\/andx.ca\/fr\/wp-json\/wp\/v2\/comments?post=2479"}],"version-history":[{"count":5,"href":"https:\/\/andx.ca\/fr\/wp-json\/wp\/v2\/pages\/2479\/revisions"}],"predecessor-version":[{"id":2484,"href":"https:\/\/andx.ca\/fr\/wp-json\/wp\/v2\/pages\/2479\/revisions\/2484"}],"wp:attachment":[{"href":"https:\/\/andx.ca\/fr\/wp-json\/wp\/v2\/media?parent=2479"}],"curies":[{"name":"wp","href":"https:\/\/api.w.org\/{rel}","templated":true}]}}