{"id":2485,"date":"2014-02-21T08:33:40","date_gmt":"2014-02-21T08:33:40","guid":{"rendered":"http:\/\/andx.ca\/fr\/?page_id=2485"},"modified":"2014-02-21T08:49:02","modified_gmt":"2014-02-21T08:49:02","slug":"mises-a-jour-de-logiciels","status":"publish","type":"page","link":"https:\/\/andx.ca\/fr\/mises-a-jour-de-logiciels\/","title":{"rendered":"Mises \u00e0 jour de logiciels"},"content":{"rendered":"<div class=\"wpb_row vc_row-fluid \"> \n\t<div class=\"vc_span8 wpb_column column_container\">\n\t\t<div class=\"wpb_wrapper\">\n\t\t\t <h3 class=\"box_header page_margin_top_section\">Mises \u00e0 jour de logiciels<\/h3><ul class=\"items_list page_margin_top_section clearfix\">\n<p><em>Cliquez avec le bouton droit sur le lien et s\u00e9lectionnez: \u00ab\u00a0Sauvegarder Lien Sous\u00a0\u00bb<br \/>\n-ou-<br \/>\nCliquez avec le bouton droit sur le lien et s\u00e9lectionnez<\/em>: \u00ab\u00a0Save Link As\u00a0\u00bb<\/p>\n<p><a href=\"http:\/\/andx.ca\/fr\/logiciels\/Ver_2_Codes.exe\">R.A.M.Q codes update<\/a><\/p>\n<p><a href=\"http:\/\/andx.ca\/fr\/logiciels\/Ver_2_Update.exe\">Software update<\/a><\/p>\n<p><a href=\"http:\/\/andx.ca\/fr\/-logiciels\/7z313.exe\"> 7z zip<\/a><\/p>\n<p><a href=\"http:\/\/andx.ca\/fr\/logiciels\/soapsdk.exe\">Soape<\/a><\/p>\n<p><a href=\"http:\/\/andx.ca\/fr\/logiciels\/VFP-7-SP1-WorkStation.msi\">Updater<\/a><\/p>\n<p><a href=\"http:\/\/andx.ca\/fr\/logiciels\/AppRun7.exe\">Aprun <\/a><\/p>\n<p><a href=\"http:\/\/andx.ca\/fr\/logiciels\/Codes.exe\">Code<\/a><\/p>\n<p><a href=\"http:\/\/andx.ca\/fr\/logiciels\/Update.exe\">SUpdate<\/a><\/p>\n<p><a href=\"http:\/\/andx.ca\/fr\/logiciels\/TeamViewer_Setup.exe\">TmVie<\/a><\/p>\n<p><a href=\"http:\/\/andx.ca\/fr\/logiciels\/AxiomUpdate.exe\">axiom<\/a><\/p>\n<\/ul> \n\t\t<\/div> \n\t<\/div> \n \n\t<div class=\"vc_span4 wpb_column column_container\">\n\t\t<div class=\"wpb_wrapper\">\n\t\t\t <h3 class=\"box_header page_margin_top\">Contact Us<\/h3><form class=\"contact_form page_margin_top\" id=\"contact_form\" method=\"post\" action=\"\"><fieldset class=\"left\">\n\t\t<label>Pr\u00e9nom<\/label>\n\t\t\t<div class=\"block\">\n\t\t\t\t<input class=\"text_input\" name=\"first_name\" type=\"text\" value=\"\" \/>\n\t\t\t<\/div>\n\t\t\t<label>Num\u00e9ro de t\u00e9l\u00e9phone<\/label>\n\t\t\t<div class=\"block\">\n\t\t\t\t<input class=\"text_input\" name=\"phone_number\" type=\"text\" value=\"\" \/>\n\t\t\t<\/div>\n\t\t<\/fieldset>\n\t\t<fieldset class=\"right\">\n\t\t\t<label>Nom<\/label>\n\t\t\t<div class=\"block\">\n\t\t\t\t<input class=\"text_input\" type=\"text\" name=\"last_name\" value=\"\" \/>\n\t\t\t<\/div>\n\t\t\t<label>Courriel<\/label>\n\t\t\t<div class=\"block\">\n\t\t\t\t<input class=\"text_input\" type=\"text\" name=\"email\" value=\"\" \/>\n\t\t\t<\/div>\n\t\t<\/fieldset>\n\t\t<fieldset style=\"clear:both;\">\n\t\t\t<label>Message<\/label>\n\t\t\t<div class=\"block\">\n\t\t\t\t<textarea name=\"message\"><\/textarea>\n\t\t\t<\/div>\n\t\t\t<input type=\"hidden\" name=\"action\" value=\"theme_contact_form\" \/>\n\t\t\t<input type=\"submit\" name=\"submit\" value=\"Soumettre\" class=\"more mc_button\" \/>\n\t\t<\/fieldset>\n\t<\/form> \n\t\t<\/div> \n\t<\/div> \n <\/div>\n","protected":false},"excerpt":{"rendered":"Mises \u00e0 jour de logiciels Cliquez avec le bouton droit sur le lien et s\u00e9lectionnez: \"Sauvegarder Lien Sous\" -ou- Cliquez avec le bouton droit sur le lien et s\u00e9lectionnez: \"Save Link As\" R.A.M.Q codes update Software update 7z zip Soape Updater Aprun Code SUpdate TmVie axiom Contact Us Pr\u00e9nom Num\u00e9ro de t\u00e9l\u00e9phone Nom Courriel Message","protected":false},"author":1,"featured_media":0,"parent":0,"menu_order":0,"comment_status":"closed","ping_status":"closed","template":"","meta":{"footnotes":""},"class_list":["post-2485","page","type-page","status-publish","hentry"],"_links":{"self":[{"href":"https:\/\/andx.ca\/fr\/wp-json\/wp\/v2\/pages\/2485","targetHints":{"allow":["GET"]}}],"collection":[{"href":"https:\/\/andx.ca\/fr\/wp-json\/wp\/v2\/pages"}],"about":[{"href":"https:\/\/andx.ca\/fr\/wp-json\/wp\/v2\/types\/page"}],"author":[{"embeddable":true,"href":"https:\/\/andx.ca\/fr\/wp-json\/wp\/v2\/users\/1"}],"replies":[{"embeddable":true,"href":"https:\/\/andx.ca\/fr\/wp-json\/wp\/v2\/comments?post=2485"}],"version-history":[{"count":10,"href":"https:\/\/andx.ca\/fr\/wp-json\/wp\/v2\/pages\/2485\/revisions"}],"predecessor-version":[{"id":2495,"href":"https:\/\/andx.ca\/fr\/wp-json\/wp\/v2\/pages\/2485\/revisions\/2495"}],"wp:attachment":[{"href":"https:\/\/andx.ca\/fr\/wp-json\/wp\/v2\/media?parent=2485"}],"curies":[{"name":"wp","href":"https:\/\/api.w.org\/{rel}","templated":true}]}}