{"id":5,"date":"2013-02-14T10:20:55","date_gmt":"2013-02-14T10:20:55","guid":{"rendered":"http:\/\/localhost\/wordpress\/medicenter\/?page_id=5"},"modified":"2014-01-28T20:23:52","modified_gmt":"2014-01-28T20:23:52","slug":"home","status":"publish","type":"page","link":"https:\/\/andx.ca\/fr\/","title":{"rendered":"HOME"},"content":{"rendered":"<div class=\"wpb_row vc_row-fluid \"> \n\t<div class=\"vc_span6 wpb_column column_container\">\n\t\t<div class=\"wpb_wrapper\">\n\t\t\t <ul class=\"clearfix mc_features mc_features_large page_margin_top_section\"><li class=\"item_content clearfix\">\n\t\t\t\t<a class=\"features_image\" href=\"https:\/\/andx.ca\/fr\/features\/prise-de-rendez-vous\/\" title=\"Prise de rendez-vous\"><img decoding=\"async\" src=\"https:\/\/andx.ca\/fr\/wp-content\/themes\/medicenter\/images\/icons_large\/blue_light\/calendar.png\" \/><\/a><div class=\"text\"><p><b>Prise de rendez-vous<\/b><br \/>\nGr\u00e2ce au module agenda d\u2019AndX, la gestion de prise de rendez-vous est un jeu d\u2019enfant. Au moyen d\u2019une simple recherche, vous obtiendrez des informations d\u00e9taill\u00e9es  instantan\u00e9es avant m\u00eame de cr\u00e9er le rendez-vous.<\/p>\n<div class=\"item_footer clearfix\"><a title=\"Read more\" href=\"https:\/\/andx.ca\/fr\/features\/prise-de-rendez-vous\/\" class=\"more\">Lire la suite &rarr;<\/a><\/div><\/div>\n\t\t\t<\/li><li class=\"item_content clearfix\">\n\t\t\t\t<a class=\"features_image\" href=\"https:\/\/andx.ca\/fr\/features\/audit\/\" title=\"Audit\"><img decoding=\"async\" src=\"https:\/\/andx.ca\/fr\/wp-content\/themes\/medicenter\/images\/icons_large\/blue_light\/chart.png\" \/><\/a><div class=\"text\"><p><b>Audit<\/b><br \/>\nVous pouvez faire un suivi instantan\u00e9ment quant \u00e0 la facturation, la prise, annulation, modification ou suppression de rendez-vous ou d\u2019information.<\/p>\n<div class=\"item_footer clearfix\"><a title=\"Read more\" href=\"https:\/\/andx.ca\/fr\/features\/audit\/\" class=\"more\">Lire la suite &rarr;<\/a><\/div><\/div>\n\t\t\t<\/li><li class=\"item_content clearfix\">\n\t\t\t\t<a class=\"features_image\" href=\"https:\/\/andx.ca\/fr\/features\/dmi\/\" title=\"DMI\"><img decoding=\"async\" src=\"https:\/\/andx.ca\/fr\/wp-content\/themes\/medicenter\/images\/icons_large\/blue_light\/database.png\" \/><\/a><div class=\"text\"><p><b>DMI<\/b><br \/>\nUn dossier m\u00e9dical informatis\u00e9 est un concept \u00e9volutif d\u00e9fini comme une collecte syst\u00e9matique d\u2019informations \u00e9lectroniques sur la sant\u00e9 de patients individuels ou de populations.<\/p>\n<div class=\"item_footer clearfix\"><a title=\"Read more\" href=\"https:\/\/andx.ca\/fr\/features\/dmi\/\" class=\"more\">Lire la suite &rarr;<\/a><\/div><\/div>\n\t\t\t<\/li><li class=\"item_content clearfix\">\n\t\t\t\t<a class=\"features_image\" href=\"https:\/\/andx.ca\/fr\/features\/systeme-pour-agences-de-placement\/\" title=\"Syst\u00e8me pour agences de placement\"><img decoding=\"async\" src=\"https:\/\/andx.ca\/fr\/wp-content\/themes\/medicenter\/images\/icons_large\/blue_light\/administration.png\" \/><\/a><div class=\"text\"><p><b>Syst\u00e8me pour agences de placement<\/b><br \/>\nAttribution de personnel \/ employ\u00e9s (p.ex. infirmier\/infirmi\u00e8re) aux clients (p.ex. CHSLD) pour des affectations de courte ou de longue dur\u00e9e.<\/p>\n<div class=\"item_footer clearfix\"><a title=\"Read more\" href=\"https:\/\/andx.ca\/fr\/features\/systeme-pour-agences-de-placement\/\" class=\"more\">Lire la suite &rarr;<\/a><\/div><\/div>\n\t\t\t<\/li><\/ul> \n\t\t<\/div> \n\t<\/div> \n \n\t<div class=\"vc_span6 wpb_column column_container\">\n\t\t<div class=\"wpb_wrapper\">\n\t\t\t <ul class=\"clearfix mc_features mc_features_large page_margin_top_section\"><li class=\"item_content clearfix\">\n\t\t\t\t<a class=\"features_image\" href=\"https:\/\/andx.ca\/fr\/features\/prescripteur\/\" title=\"Prescripteur\"><img decoding=\"async\" src=\"https:\/\/andx.ca\/fr\/wp-content\/themes\/medicenter\/images\/icons_large\/blue_light\/healthcare.png\" \/><\/a><div class=\"text\"><p><b>Prescripteur<\/b><br \/>\nPermet aux m\u00e9decins de r\u00e9aliser et renouveler les ordonnances en un instant et d\u00e9c\u00e8le automatiquement les interactions m\u00e9dicamenteuses potentiellement dangereuses, r\u00e9duisant ainsi le risque d\u2019erreurs lors du traitement d\u2019ordonnances.<\/p>\n<div class=\"item_footer clearfix\"><a title=\"Read more\" href=\"https:\/\/andx.ca\/fr\/features\/prescripteur\/\" class=\"more\">Lire la suite &rarr;<\/a><\/div><\/div>\n\t\t\t<\/li><li class=\"item_content clearfix\">\n\t\t\t\t<a class=\"features_image\" href=\"https:\/\/andx.ca\/fr\/features\/facturation-privee\/\" title=\"Facturation priv\u00e9e\"><img decoding=\"async\" src=\"https:\/\/andx.ca\/fr\/wp-content\/themes\/medicenter\/images\/icons_large\/blue_light\/credit_card.png\" \/><\/a><div class=\"text\"><p><b>Facturation priv\u00e9e<\/b><br \/>\nNotre module de facturation priv\u00e9e vous permet de mieux g\u00e9rer votre clinique.<\/p>\n<div class=\"item_footer clearfix\"><a title=\"Read more\" href=\"https:\/\/andx.ca\/fr\/features\/facturation-privee\/\" class=\"more\">Lire la suite &rarr;<\/a><\/div><\/div>\n\t\t\t<\/li><li class=\"item_content clearfix\">\n\t\t\t\t<a class=\"features_image\" href=\"https:\/\/andx.ca\/fr\/features\/andx-xclaim\/\" title=\"AndX Xclaim\"><img decoding=\"async\" src=\"https:\/\/andx.ca\/fr\/wp-content\/themes\/medicenter\/images\/icons_large\/blue_light\/form.png\" \/><\/a><div class=\"text\"><p><b>AndX Xclaim<\/b><br \/>\nIl s\u2019agit d\u2019un syst\u00e8me de facturation par logiciel qui permet aux m\u00e9decins qu\u00e9b\u00e9cois d\u2019enregistrer leurs demandes de paiement aupr\u00e8s de la RAMQ par Internet de fa\u00e7on s\u00e9curitaire.<\/p>\n<div class=\"item_footer clearfix\"><a title=\"Read more\" href=\"https:\/\/andx.ca\/fr\/features\/andx-xclaim\/\" class=\"more\">Lire la suite &rarr;<\/a><\/div><\/div>\n\t\t\t<\/li><\/ul> \n\t\t<\/div> \n\t<\/div> \n <\/div> <div class=\"wpb_row vc_row-fluid \"> \n\t<div class=\"vc_span12 wpb_column column_container\">\n\t\t<div class=\"wpb_wrapper\">\n\t\t\t <div class=\"announcement clearfix page_margin_top_section\">\n\t\t\t\t\t<ul class=\"columns no_width\">\n\t\t\t\t\t\t<li class=\"column_left\"><h1>Nous vous offrons une consultation initiale gratuite, sans obligation.<\/h3>\n<p>Contactez-nous d\u00e8s aujourd\u2019hui et ensemble, nous d\u00e9terminerons la solution qui r\u00e9pond le mieux \u00e0 vos besoins!<\/p>\n\n<\/li><li class=\"column_right\">\n\t\t\t\t\t\t<div class=\"vertical_align\">\n\t\t\t\t\t\t\t<div class=\"vertical_align_cell\">\n\t\t\t\t\t\t\t\t<a style=\"background-color:#3156a3;border-color:#3156a3;color:#FFFFFF;\" onMouseOver=\"this.style.backgroundColor='#42b3e5';this.style.borderColor='#42b3e5';this.style.color='#FFFFFF';\" onMouseOut=\"this.style.backgroundColor='#3156a3';this.style.borderColor='#3156a3';this.style.color='#FFFFFF';\" title=\"Contactez-nous\" href=\"contact\" class=\"more mc_button medium\">Contactez-nous<\/a>\n\t\t\t\t\t\t\t<\/div>\n\t\t\t\t\t\t<\/div>\n\t\t\t\t\t<\/li><\/ul>\n\t\t\t<\/div> \n\t\t<\/div> \n\t<\/div> \n <\/div>\n","protected":false},"excerpt":{"rendered":"Nous sommes inscrits aupr\u00e8s de et agr\u00e9\u00e9s par la R\u00e9gie de l\u2019assurance-maladie du Qu\u00e9bec (RAMQ). XClaim est un syst\u00e8me de facturation par logiciel qui permet aux m\u00e9decins qu\u00e9b\u00e9cois d\u2019enregistrer leurs demandes de paiement aupr\u00e8s de la RAMQ par Internet de fa\u00e7on s\u00e9curitaire. XClaim valide toutes les informations en fonction des exigences de la RAMQ. En","protected":false},"author":1,"featured_media":0,"parent":0,"menu_order":0,"comment_status":"open","ping_status":"open","template":"template-home.php","meta":{"footnotes":""},"class_list":["post-5","page","type-page","status-publish","hentry"],"_links":{"self":[{"href":"https:\/\/andx.ca\/fr\/wp-json\/wp\/v2\/pages\/5","targetHints":{"allow":["GET"]}}],"collection":[{"href":"https:\/\/andx.ca\/fr\/wp-json\/wp\/v2\/pages"}],"about":[{"href":"https:\/\/andx.ca\/fr\/wp-json\/wp\/v2\/types\/page"}],"author":[{"embeddable":true,"href":"https:\/\/andx.ca\/fr\/wp-json\/wp\/v2\/users\/1"}],"replies":[{"embeddable":true,"href":"https:\/\/andx.ca\/fr\/wp-json\/wp\/v2\/comments?post=5"}],"version-history":[{"count":5,"href":"https:\/\/andx.ca\/fr\/wp-json\/wp\/v2\/pages\/5\/revisions"}],"predecessor-version":[{"id":2400,"href":"https:\/\/andx.ca\/fr\/wp-json\/wp\/v2\/pages\/5\/revisions\/2400"}],"wp:attachment":[{"href":"https:\/\/andx.ca\/fr\/wp-json\/wp\/v2\/media?parent=5"}],"curies":[{"name":"wp","href":"https:\/\/api.w.org\/{rel}","templated":true}]}}