{"id":7,"date":"2013-02-14T10:21:37","date_gmt":"2013-02-14T10:21:37","guid":{"rendered":"http:\/\/localhost\/wordpress\/medicenter\/?page_id=7"},"modified":"2014-02-21T08:56:25","modified_gmt":"2014-02-21T08:56:25","slug":"a-propos","status":"publish","type":"page","link":"https:\/\/andx.ca\/fr\/a-propos\/","title":{"rendered":"\u00c0 PROPOS"},"content":{"rendered":"<div class=\"wpb_row vc_row-fluid  page_margin_top\"> \n\t<div class=\"vc_span6 wpb_column column_container\">\n\t\t<div class=\"wpb_wrapper\">\n\t\t\t \n\t<div class=\"wpb_single_image wpb_content_element\">\n\t\t<div class=\"wpb_wrapper\">\n\t\t\t\n\t\t\t<img loading=\"lazy\" decoding=\"async\" src=\"https:\/\/andx.ca\/fr\/wp-content\/uploads\/2013\/04\/about-andx-fr.jpg\" width=\"480\" height=\"300\" alt=\"about-andx-fr\" \/>\n\t\t<\/div> \n\t<\/div>  \n\t\t<\/div> \n\t<\/div> \n \n\t<div class=\"vc_span6 wpb_column column_container\">\n\t\t<div class=\"wpb_wrapper\">\n\t\t\t <h2 class=\"box_header\">Bienvenue chez AndX Logic<\/h2> \n\t<div class=\"wpb_text_column wpb_content_element  no_margin\">\n\t\t<div class=\"wpb_wrapper\">\n\t\t\t\n<p>AndX est une compagnie priv\u00e9e cr\u00e9\u00e9e en 1995. Notre entreprise a pris racine avec la conception de logiciels pour le domaine m\u00e9dical, ayant une client\u00e8le provenant des h\u00f4pitaux, cliniques, universit\u00e9s et pratiques priv\u00e9es.<\/p>\n<p>Notre objectif est de cr\u00e9er des partenariats avec nos clients, en les aidant \u00e0 faire appel \u00e0 la technologie par le biais de l\u2019Internet et autres nouveaux m\u00e9dias, afin d\u2019optimiser leur position concurrentielle sur le march\u00e9 et d\u2019accro\u00eetre leur productivit\u00e9.<\/p>\n<p>La r\u00e9troaction de nos clients est importante et normalement, nous apportons toutes les modifications n\u00e9cessaires dans les quelques jours ouvrables suivant la r\u00e9ception d\u2019une demande. Nous cr\u00e9ons \u00e9galement des modules sur mesure pour r\u00e9pondre \u00e0 vos besoins particuliers.<\/p>\n\n\t\t<\/div> \n\t<\/div>  \n\t\t<\/div> \n\t<\/div> \n <\/div>\n","protected":false},"excerpt":{"rendered":"Bienvenue chez AndX Logic AndX est une compagnie priv\u00e9e cr\u00e9\u00e9e en 1995. Notre entreprise a pris racine avec la conception de logiciels pour le domaine m\u00e9dical, ayant une client\u00e8le provenant des h\u00f4pitaux, cliniques, universit\u00e9s et pratiques priv\u00e9es. Notre objectif est de cr\u00e9er des partenariats avec nos clients, en les aidant \u00e0 faire appel \u00e0 la","protected":false},"author":1,"featured_media":0,"parent":0,"menu_order":0,"comment_status":"open","ping_status":"open","template":"","meta":{"footnotes":""},"class_list":["post-7","page","type-page","status-publish","hentry"],"_links":{"self":[{"href":"https:\/\/andx.ca\/fr\/wp-json\/wp\/v2\/pages\/7","targetHints":{"allow":["GET"]}}],"collection":[{"href":"https:\/\/andx.ca\/fr\/wp-json\/wp\/v2\/pages"}],"about":[{"href":"https:\/\/andx.ca\/fr\/wp-json\/wp\/v2\/types\/page"}],"author":[{"embeddable":true,"href":"https:\/\/andx.ca\/fr\/wp-json\/wp\/v2\/users\/1"}],"replies":[{"embeddable":true,"href":"https:\/\/andx.ca\/fr\/wp-json\/wp\/v2\/comments?post=7"}],"version-history":[{"count":5,"href":"https:\/\/andx.ca\/fr\/wp-json\/wp\/v2\/pages\/7\/revisions"}],"predecessor-version":[{"id":2506,"href":"https:\/\/andx.ca\/fr\/wp-json\/wp\/v2\/pages\/7\/revisions\/2506"}],"wp:attachment":[{"href":"https:\/\/andx.ca\/fr\/wp-json\/wp\/v2\/media?parent=7"}],"curies":[{"name":"wp","href":"https:\/\/api.w.org\/{rel}","templated":true}]}}